{"id":6,"date":"2022-03-08T10:46:49","date_gmt":"2022-03-08T09:46:49","guid":{"rendered":"http:\/\/mbdd-solutions.com\/?page_id=6"},"modified":"2022-03-09T12:20:46","modified_gmt":"2022-03-09T11:20:46","slug":"a-propos-de","status":"publish","type":"page","link":"https:\/\/mbdd-solutions.com\/","title":{"rendered":"MBDD-Solutions"},"content":{"rendered":"\n<p><strong>Startup<\/strong> Normande, cr\u00e9\u00e9e en 2016 par des <strong>experts <\/strong>de la <strong>g\u00e9olocalisation<\/strong>.<\/p>\n\n\n\n<p>MBDD-Solutions est sp\u00e9cialiste de la <strong>g\u00e9olocalisation<\/strong>, de ses <strong>traitements<\/strong> et de ses <strong>repr\u00e9sentations<\/strong> sur <strong>carte digitale<\/strong>.<\/p>\n\n\n\n<div style=\"height:91px\" aria-hidden=\"true\" class=\"wp-block-spacer\"><\/div>\n\n\n\n<p><strong>Nos savoir-faire<\/strong><\/p>\n\n\n\n<p>D\u00e9veloppements d&rsquo;applications cartographique<\/p>\n\n\n\n<p>Traitement des donn\u00e9es de g\u00e9olocalisation<\/p>\n\n\n\n<p>Prototypage \u00e9lectronique de g\u00e9olocalisation<\/p>\n\n\n\n<p><\/p>\n","protected":false},"excerpt":{"rendered":"<p>Startup Normande, cr\u00e9\u00e9e en 2016 par des experts de la g\u00e9olocalisation. MBDD-Solutions est sp\u00e9cialiste de la g\u00e9olocalisation, de ses traitements et de ses repr\u00e9sentations sur carte digitale. Nos savoir-faire D\u00e9veloppements d&rsquo;applications cartographique Traitement des donn\u00e9es de g\u00e9olocalisation Prototypage \u00e9lectronique de g\u00e9olocalisation<\/p>\n","protected":false},"author":1,"featured_media":0,"parent":0,"menu_order":0,"comment_status":"closed","ping_status":"closed","template":"","meta":{"footnotes":""},"class_list":["post-6","page","type-page","status-publish","hentry"],"_links":{"self":[{"href":"https:\/\/mbdd-solutions.com\/index.php\/wp-json\/wp\/v2\/pages\/6","targetHints":{"allow":["GET"]}}],"collection":[{"href":"https:\/\/mbdd-solutions.com\/index.php\/wp-json\/wp\/v2\/pages"}],"about":[{"href":"https:\/\/mbdd-solutions.com\/index.php\/wp-json\/wp\/v2\/types\/page"}],"author":[{"embeddable":true,"href":"https:\/\/mbdd-solutions.com\/index.php\/wp-json\/wp\/v2\/users\/1"}],"replies":[{"embeddable":true,"href":"https:\/\/mbdd-solutions.com\/index.php\/wp-json\/wp\/v2\/comments?post=6"}],"version-history":[{"count":40,"href":"https:\/\/mbdd-solutions.com\/index.php\/wp-json\/wp\/v2\/pages\/6\/revisions"}],"predecessor-version":[{"id":194,"href":"https:\/\/mbdd-solutions.com\/index.php\/wp-json\/wp\/v2\/pages\/6\/revisions\/194"}],"wp:attachment":[{"href":"https:\/\/mbdd-solutions.com\/index.php\/wp-json\/wp\/v2\/media?parent=6"}],"curies":[{"name":"wp","href":"https:\/\/api.w.org\/{rel}","templated":true}]}}